{"id":1866,"date":"2019-03-03T08:21:13","date_gmt":"2019-03-03T08:21:13","guid":{"rendered":"http:\/\/brabus.local\/home-copy\/"},"modified":"2025-03-22T15:03:21","modified_gmt":"2025-03-22T15:03:21","slug":"chi-siamo","status":"publish","type":"page","link":"https:\/\/pentagramm-tech.it\/ru\/chi-siamo\/","title":{"rendered":"\u041a\u0422\u041e \u041c\u042b"},"content":{"rendered":"<div class=\"wpb-content-wrapper\"><section class=\"content-section\" ><div class=\"container\"><div class=\"vc_row wpb_row vc_row-fluid\"><div class=\"wpb_column vc_column_container vc_col-sm-12\"><div class=\"vc_column-inner\"><div class=\"wpb_wrapper\">\n            <div class=\"section-title  wow fadeIn\" >\n                            <h6>\u0423\u0417\u041d\u0410\u0419, \u041a\u0422\u041e \u041c\u042b<\/h6>\n            \n                            <h2 data-text=\"Tech\">\u0426\u0438\u0444\u0440\u043e\u0432\u044b\u0435 \u0438\u043d\u043d\u043e\u0432\u0430\u0446\u0438\u0438 \u043d\u0430 \u0437\u0430\u043a\u0430\u0437<br \/>\u0434\u043b\u044f \u0442\u0432\u043e\u0435\u0433\u043e \u0431\u0438\u0437\u043d\u0435\u0441\u0430!<\/h2>\n                        <\/div>\n            <div class=\"vc_row wpb_row vc_inner vc_row-fluid\"><div class=\"wpb_column vc_column_container vc_col-sm-12 vc_col-md-5\"><div class=\"vc_column-inner\"><div class=\"wpb_wrapper\">            <div class=\"text-box wow fadeIn\" >\n                <h4>\u041c\u044b \u0432\u0441\u0435\u0433\u0434\u0430 \u0438\u0449\u0435\u043c \u043d\u043e\u0432\u044b\u0435 \u0440\u0435\u0448\u0435\u043d\u0438\u044f \u0434\u043b\u044f \u0443\u043b\u0443\u0447\u0448\u0435\u043d\u0438\u044f \u043d\u0430\u0448\u0438\u0445 \u043f\u0440\u043e\u0434\u0443\u043a\u0442\u043e\u0432 \u0438 \u0443\u0441\u043b\u0443\u0433. \u041c\u044b \u0433\u0430\u0440\u0430\u043d\u0442\u0438\u0440\u0443\u0435\u043c \u043a\u0430\u0447\u0435\u0441\u0442\u0432\u043e \u0438 \u0431\u0435\u0437\u043e\u043f\u0430\u0441\u043d\u043e\u0441\u0442\u044c \u0432 \u043a\u0430\u0436\u0434\u043e\u043c \u043f\u0440\u043e\u0435\u043a\u0442\u0435.<\/h4>\n<h4>\u041c\u044b \u043b\u044e\u0431\u0438\u043c \u0442\u043e, \u0447\u0442\u043e \u0434\u0435\u043b\u0430\u0435\u043c, \u0438 \u0441\u0442\u0440\u0435\u043c\u0438\u043c\u0441\u044f \u0434\u043e\u0431\u0438\u0442\u044c\u0441\u044f \u043d\u0430\u0438\u043b\u0443\u0447\u0448\u0438\u0445 \u0440\u0435\u0437\u0443\u043b\u044c\u0442\u0430\u0442\u043e\u0432. \u041c\u044b \u0442\u0435\u0441\u043d\u043e \u0440\u0430\u0431\u043e\u0442\u0430\u0435\u043c \u0441 \u043a\u043b\u0438\u0435\u043d\u0442\u0430\u043c\u0438, \u0447\u0442\u043e\u0431\u044b \u043f\u0440\u0435\u0432\u0440\u0430\u0442\u0438\u0442\u044c \u0438\u0445 \u0438\u0434\u0435\u0438 \u0432 \u0440\u0435\u0430\u043b\u044c\u043d\u043e\u0441\u0442\u044c.<\/h4>\n\n                            <\/div>\n            <\/div><\/div><\/div><div class=\"wpb_column vc_column_container vc_col-sm-12 vc_col-md-7\"><div class=\"vc_column-inner\"><div class=\"wpb_wrapper\">            <div class=\"text-box wow fadeIn\" data-wow-delay=\"0.01s\">\n                <p>\u041c\u044b \u2013 \u043a\u043e\u043c\u043f\u0430\u043d\u0438\u044f, \u0441\u043f\u0435\u0446\u0438\u0430\u043b\u0438\u0437\u0438\u0440\u0443\u044e\u0449\u0430\u044f\u0441\u044f \u043d\u0430 \u0440\u0430\u0437\u0440\u0430\u0431\u043e\u0442\u043a\u0435 \u043f\u0440\u043e\u0433\u0440\u0430\u043c\u043c\u043d\u043e\u0433\u043e \u043e\u0431\u0435\u0441\u043f\u0435\u0447\u0435\u043d\u0438\u044f, \u0432\u0435\u0431- \u0438 \u043c\u043e\u0431\u0438\u043b\u044c\u043d\u044b\u0445 \u043f\u0440\u0438\u043b\u043e\u0436\u0435\u043d\u0438\u0439, \u0441 \u043e\u0444\u0438\u0441\u043e\u043c \u0432 \u0418\u0442\u0430\u043b\u0438\u0438. \u041c\u044b \u0441\u043e\u0437\u0434\u0430\u0435\u043c \u043f\u0435\u0440\u0435\u0434\u043e\u0432\u044b\u0435 \u0438 \u0438\u043d\u0434\u0438\u0432\u0438\u0434\u0443\u0430\u043b\u044c\u043d\u044b\u0435 \u0442\u0435\u0445\u043d\u043e\u043b\u043e\u0433\u0438\u0447\u0435\u0441\u043a\u0438\u0435 \u0440\u0435\u0448\u0435\u043d\u0438\u044f \u0434\u043b\u044f \u043a\u043e\u043c\u043f\u0430\u043d\u0438\u0439 \u0438\u0437 \u043b\u044e\u0431\u044b\u0445 \u043e\u0442\u0440\u0430\u0441\u043b\u0435\u0439, \u043f\u043e\u043c\u043e\u0433\u0430\u044f \u0438\u043c \u0432\u043d\u0435\u0434\u0440\u044f\u0442\u044c \u0438\u043d\u043d\u043e\u0432\u0430\u0446\u0438\u0438 \u0438 \u0440\u0430\u0437\u0432\u0438\u0432\u0430\u0442\u044c\u0441\u044f \u0432 \u0446\u0438\u0444\u0440\u043e\u0432\u0443\u044e \u044d\u043f\u043e\u0445\u0443.<\/p>\n<p>\u041c\u044b \u0441\u0442\u0440\u0435\u043c\u0438\u043c\u0441\u044f \u043f\u0440\u0435\u0434\u043e\u0441\u0442\u0430\u0432\u043b\u044f\u0442\u044c \u043f\u0440\u043e\u0433\u0440\u0430\u043c\u043c\u043d\u043e\u0435 \u043e\u0431\u0435\u0441\u043f\u0435\u0447\u0435\u043d\u0438\u0435, \u0432\u0435\u0431-\u0441\u0430\u0439\u0442\u044b \u0438 \u043c\u043e\u0431\u0438\u043b\u044c\u043d\u044b\u0435 \u043f\u0440\u0438\u043b\u043e\u0436\u0435\u043d\u0438\u044f, \u043a\u043e\u0442\u043e\u0440\u044b\u0435 \u0443\u043b\u0443\u0447\u0448\u0430\u044e\u0442 \u044d\u0444\u0444\u0435\u043a\u0442\u0438\u0432\u043d\u043e\u0441\u0442\u044c, \u043f\u0440\u043e\u0434\u0443\u043a\u0442\u0438\u0432\u043d\u043e\u0441\u0442\u044c \u0438 \u043a\u043e\u043d\u043a\u0443\u0440\u0435\u043d\u0442\u043e\u0441\u043f\u043e\u0441\u043e\u0431\u043d\u043e\u0441\u0442\u044c \u043a\u043e\u043c\u043f\u0430\u043d\u0438\u0439. \u041d\u0430\u0448\u0430 \u043c\u0438\u0441\u0441\u0438\u044f \u2013 \u043f\u0440\u0435\u0432\u0440\u0430\u0449\u0430\u0442\u044c \u0438\u0434\u0435\u0438 \u0432 \u0446\u0438\u0444\u0440\u043e\u0432\u0443\u044e \u0440\u0435\u0430\u043b\u044c\u043d\u043e\u0441\u0442\u044c, \u0433\u0430\u0440\u0430\u043d\u0442\u0438\u0440\u0443\u044f \u043a\u0430\u0447\u0435\u0441\u0442\u0432\u043e, \u043d\u0430\u0434\u0435\u0436\u043d\u043e\u0441\u0442\u044c \u0438 \u0438\u043d\u043d\u043e\u0432\u0430\u0446\u0438\u0438 \u0432 \u043a\u0430\u0436\u0434\u043e\u043c \u043f\u0440\u043e\u0435\u043a\u0442\u0435.<\/p>\n\n                            <\/div>\n            <\/div><\/div><\/div><\/div><\/div><\/div><\/div><\/div><\/div><\/section><section class=\"content-section noise\" style=\"background-color: #000000;\"><div class=\"container\"><div class=\"vc_row wpb_row vc_row-fluid\"><div class=\"wpb_column vc_column_container vc_col-sm-12\"><div class=\"vc_column-inner\"><div class=\"wpb_wrapper\">\n            <div class=\"section-title  light  wow fadeIn\" >\n                            <h6>\u0423\u0417\u041d\u0410\u0419, \u041a\u0410\u041a\u041e\u0412\u042b \u041d\u0410\u0428\u0418 \u0426\u0415\u041b\u0418.<\/h6>\n            \n                            <h2 >\u0423\u0437\u043d\u0430\u0439, \u043a\u0442\u043e \u043c\u044b \u0438 \u043a\u0430\u043a<br \/>\n\u043c\u044b \u043c\u043e\u0436\u0435\u043c \u043f\u043e\u043c\u043e\u0447\u044c \u0442\u0435\u0431\u0435!<\/h2>\n                        <\/div>\n            <div class=\"vc_row wpb_row vc_inner vc_row-fluid\"><div class=\"wpb_column vc_column_container vc_col-sm-6 vc_col-md-4\"><div class=\"vc_column-inner\"><div class=\"wpb_wrapper\">            <div class=\"service-box  light  wow fadeIn\" >\n                <div class=\"left\">\n                    <small>01<\/small><span><\/span>\n                <\/div>\n                <!-- end left -->\n                <div class=\"right\">\n                    <h3>\u041c\u0418\u0421\u0421\u0418\u042f<\/h3>\n<p>\u041c\u044b \u0441\u043e\u0437\u0434\u0430\u0435\u043c \u0438\u043d\u043d\u043e\u0432\u0430\u0446\u0438\u043e\u043d\u043d\u044b\u0435 \u0438 \u0438\u043d\u0434\u0438\u0432\u0438\u0434\u0443\u0430\u043b\u044c\u043d\u044b\u0435 \u0440\u0435\u0448\u0435\u043d\u0438\u044f \u0434\u043b\u044f \u043f\u0440\u043e\u0433\u0440\u0430\u043c\u043c\u043d\u043e\u0433\u043e \u043e\u0431\u0435\u0441\u043f\u0435\u0447\u0435\u043d\u0438\u044f, \u0432\u0435\u0431-\u0441\u0430\u0439\u0442\u043e\u0432 \u0438 \u043c\u043e\u0431\u0438\u043b\u044c\u043d\u044b\u0445 \u043f\u0440\u0438\u043b\u043e\u0436\u0435\u043d\u0438\u0439, \u043f\u043e\u043c\u043e\u0433\u0430\u044f \u043a\u043e\u043c\u043f\u0430\u043d\u0438\u044f\u043c \u0440\u0430\u0441\u0442\u0438, \u0446\u0438\u0444\u0440\u043e\u0432\u0438\u0437\u0438\u0440\u043e\u0432\u0430\u0442\u044c\u0441\u044f \u0438 \u043e\u043f\u0442\u0438\u043c\u0438\u0437\u0438\u0440\u043e\u0432\u0430\u0442\u044c \u0441\u0432\u043e\u0438 \u043f\u0440\u043e\u0446\u0435\u0441\u0441\u044b \u0441 \u043f\u043e\u043c\u043e\u0449\u044c\u044e \u043f\u0435\u0440\u0435\u0434\u043e\u0432\u044b\u0445, \u043d\u0430\u0434\u0435\u0436\u043d\u044b\u0445 \u0438 \u043c\u0430\u0441\u0448\u0442\u0430\u0431\u0438\u0440\u0443\u0435\u043c\u044b\u0445 \u0442\u0435\u0445\u043d\u043e\u043b\u043e\u0433\u0438\u0439.<\/p>\n                <\/div>\n                <!-- end right -->\n            <\/div>\n            <\/div><\/div><\/div><div class=\"wpb_column vc_column_container vc_col-sm-6 vc_col-md-4\"><div class=\"vc_column-inner\"><div class=\"wpb_wrapper\">            <div class=\"service-box  light  wow fadeIn\" data-wow-delay=\"0.05s\">\n                <div class=\"left\">\n                    <small>02<\/small><span><\/span>\n                <\/div>\n                <!-- end left -->\n                <div class=\"right\">\n                    <h3>\u0412\u0418\u0414\u0415\u041d\u0418\u0415<\/h3>\n<p>\u0411\u044b\u0442\u044c \u043e\u0440\u0438\u0435\u043d\u0442\u0438\u0440\u043e\u043c \u0432 \u043e\u0431\u043b\u0430\u0441\u0442\u0438 \u0446\u0438\u0444\u0440\u043e\u0432\u043e\u0439 \u0440\u0430\u0437\u0440\u0430\u0431\u043e\u0442\u043a\u0438, \u043f\u0440\u0435\u0434\u043b\u0430\u0433\u0430\u044f \u043f\u0435\u0440\u0435\u0434\u043e\u0432\u044b\u0435 \u0442\u0435\u0445\u043d\u043e\u043b\u043e\u0433\u0438\u0447\u0435\u0441\u043a\u0438\u0435 \u043f\u0440\u043e\u0434\u0443\u043a\u0442\u044b, \u043a\u043e\u0442\u043e\u0440\u044b\u0435 \u0443\u043b\u0443\u0447\u0448\u0430\u044e\u0442 \u044d\u0444\u0444\u0435\u043a\u0442\u0438\u0432\u043d\u043e\u0441\u0442\u044c \u0438 \u043a\u043e\u043d\u043a\u0443\u0440\u0435\u043d\u0442\u043e\u0441\u043f\u043e\u0441\u043e\u0431\u043d\u043e\u0441\u0442\u044c \u043a\u043e\u043c\u043f\u0430\u043d\u0438\u0439.<\/p>\n                <\/div>\n                <!-- end right -->\n            <\/div>\n            <\/div><\/div><\/div><div class=\"wpb_column vc_column_container vc_col-sm-6 vc_col-md-4\"><div class=\"vc_column-inner\"><div class=\"wpb_wrapper\">            <div class=\"service-box  light  wow fadeIn\" data-wow-delay=\"0.10s\">\n                <div class=\"left\">\n                    <small>03<\/small><span><\/span>\n                <\/div>\n                <!-- end left -->\n                <div class=\"right\">\n                    <h3>\u0421\u0422\u0420\u0410\u0422\u0415\u0413\u0418\u042f<\/h3>\n<p>\u041c\u044b \u0441\u0442\u0430\u0432\u0438\u043c \u0430\u043a\u0446\u0435\u043d\u0442 \u043d\u0430 \u0438\u043d\u043d\u043e\u0432\u0430\u0446\u0438\u0438, \u043a\u0430\u0447\u0435\u0441\u0442\u0432\u043e \u0438 \u0441\u043e\u0442\u0440\u0443\u0434\u043d\u0438\u0447\u0435\u0441\u0442\u0432\u043e. \u041c\u044b \u0430\u043d\u0430\u043b\u0438\u0437\u0438\u0440\u0443\u0435\u043c \u043f\u043e\u0442\u0440\u0435\u0431\u043d\u043e\u0441\u0442\u0438 \u043a\u043b\u0438\u0435\u043d\u0442\u043e\u0432, \u0438\u0441\u043f\u043e\u043b\u044c\u0437\u0443\u0435\u043c \u0441\u0430\u043c\u044b\u0435 \u0441\u043e\u0432\u0440\u0435\u043c\u0435\u043d\u043d\u044b\u0435 \u0442\u0435\u0445\u043d\u043e\u043b\u043e\u0433\u0438\u0438 \u0438 \u043f\u0440\u0438\u043c\u0435\u043d\u044f\u0435\u043c \u0433\u0438\u0431\u043a\u0438\u0439 \u043f\u043e\u0434\u0445\u043e\u0434 \u0434\u043b\u044f \u043e\u0431\u0435\u0441\u043f\u0435\u0447\u0435\u043d\u0438\u044f \u0431\u044b\u0441\u0442\u0440\u044b\u0445 \u0438 \u044d\u0444\u0444\u0435\u043a\u0442\u0438\u0432\u043d\u044b\u0445 \u0440\u0435\u0448\u0435\u043d\u0438\u0439.<\/p>\n                <\/div>\n                <!-- end right -->\n            <\/div>\n            <\/div><\/div><\/div><\/div><\/div><\/div><\/div><\/div><\/div><\/section><section class=\"content-section text-center\" ><div class=\"container\"><div class=\"vc_row wpb_row vc_row-fluid\"><div class=\"wpb_column vc_column_container vc_col-sm-12\"><div class=\"vc_column-inner\"><div class=\"wpb_wrapper\">\n            <div class=\"section-title  wow fadeIn\" >\n                            <h6>\u0423\u0417\u041d\u0410\u0419 \u041f\u0420\u041e\u0426\u0415\u0421\u0421 \u0420\u0410\u0411\u041e\u0422\u042b.<\/h6>\n            \n                            <h2 data-text=\"Passaggi\">\u041f\u0420\u041e\u0426\u0415\u0421\u0421<\/h2>\n                        <\/div>\n            <div class=\"vc_row wpb_row vc_inner vc_row-fluid\"><div class=\"wpb_column vc_column_container vc_col-sm-3 vc_col-xs-6\"><div class=\"vc_column-inner\"><div class=\"wpb_wrapper\">            <div class=\"process-box wow fadeIn\" data-wow-delay=\"0s\">\n                                    <span>01<\/span>\n                                                    <figure>\n                        <img decoding=\"async\" src=\"https:\/\/pentagramm-tech.it\/wp-content\/uploads\/2025\/03\/consulting.png\" alt=\"CONSULENZA\">\n\n                                                    <figcaption>\n                                <h5>\u041a\u041e\u041d\u0421\u0423\u041b\u042c\u0422\u0410\u0426\u0418\u042f<\/h5>\n                            <\/figcaption>\n                                            <\/figure>\n                            <\/div>\n            <\/div><\/div><\/div><div class=\"wpb_column vc_column_container vc_col-sm-3 vc_col-xs-6\"><div class=\"vc_column-inner\"><div class=\"wpb_wrapper\">            <div class=\"process-box wow fadeIn\" data-wow-delay=\"0.05s\">\n                                    <span>02<\/span>\n                                                    <figure>\n                        <img decoding=\"async\" src=\"https:\/\/pentagramm-tech.it\/wp-content\/uploads\/2025\/03\/email.png\" alt=\"OFFERTA\">\n\n                                                    <figcaption>\n                                <h5>\u041f\u0420\u0415\u0414\u041b\u041e\u0416\u0415\u041d\u0418\u0415<\/h5>\n                            <\/figcaption>\n                                            <\/figure>\n                            <\/div>\n            <\/div><\/div><\/div><div class=\"wpb_column vc_column_container vc_col-sm-3 vc_col-xs-6\"><div class=\"vc_column-inner\"><div class=\"wpb_wrapper\">            <div class=\"process-box wow fadeIn\" data-wow-delay=\"0.1s\">\n                                    <span>03<\/span>\n                                                    <figure>\n                        <img decoding=\"async\" src=\"https:\/\/pentagramm-tech.it\/wp-content\/uploads\/2025\/03\/settings.png\" alt=\"PROCESSO DI LAVORO\">\n\n                                                    <figcaption>\n                                <h5>\u041f\u0420\u041e\u0426\u0415\u0421\u0421 \u0420\u0410\u0411\u041e\u0422\u042b<\/h5>\n                            <\/figcaption>\n                                            <\/figure>\n                            <\/div>\n            <\/div><\/div><\/div><div class=\"wpb_column vc_column_container vc_col-sm-3 vc_col-xs-6\"><div class=\"vc_column-inner\"><div class=\"wpb_wrapper\">            <div class=\"process-box wow fadeIn\" data-wow-delay=\"0.15s\">\n                                    <span>04<\/span>\n                                                    <figure>\n                        <img decoding=\"async\" src=\"https:\/\/pentagramm-tech.it\/wp-content\/uploads\/2025\/03\/rocket.png\" alt=\"LANCIO\">\n\n                                                    <figcaption>\n                                <h5>\u0417\u0410\u041f\u0423\u0421\u041a<\/h5>\n                            <\/figcaption>\n                                            <\/figure>\n                            <\/div>\n            <\/div><\/div><\/div><\/div><\/div><\/div><\/div><\/div><\/div><\/section>\n<\/div>","protected":false},"excerpt":{"rendered":"SCOPRI CHI SIAMO Innovazione digitale su misuraper il tuo business! Cerchiamo sempre nuove soluzioni per migliorare i nostri prodotti e servizi. Garantiamo qualit\u00e0 e sicurezza in ogni progetto. Amiamo ci\u00f2 che facciamo e ci impegniamo per ottenere i migliori risultati. Lavoriamo a stretto contatto con i clienti per trasformare le loro idee in realt\u00e0. Siamo un\u2019azienda specializzata nello sviluppo software, web e mobile, con sede in Italia. Creiamo soluzioni tecnologiche avanzate e personalizzate per aziende di ogni settore, aiutandole a innovare e crescere nell\u2019era digitale. Ci impegniamo a fornire software, siti web e applicazioni mobili che migliorano l\u2019efficienza, la produttivit\u00e0 e la competitivit\u00e0 delle aziende. La nostra missione \u00e8 trasformare le idee in realt\u00e0 digitali, garantendo qualit\u00e0, affidabilit\u00e0 e innovazione in ogni progetto. SCOPRI QUALI SONO I NOSTRI OBIETTIVI. Scopri chi siamo e come possiamo aiutarti! 01 MISSIONE Creiamo soluzioni software, web e mobile innovative e su misura, aiutando le aziende a crescere, digitalizzarsi e ottimizzare i loro processi con tecnologie avanzate, affidabili e scalabili. 02 VISIONE Essere un punto di riferimento nel settore dello sviluppo digitale, offrendo prodotti tecnologici all\u2019avanguardia che migliorano l\u2019efficienza e la competitivit\u00e0 delle imprese. 03 STRATEGIA Puntiamo su innovazione, qualit\u00e0 e collaborazione. Analizziamo le esigenze dei clienti, utilizziamo le tecnologie pi\u00f9 avanzate e adottiamo un approccio agile per garantire soluzioni rapide ed efficaci. SCOPRI IL PROCESSO DI LAVORO. Processo 01 CONSULENZA 02 OFFERTA 03 PROCESSO DI LAVORO 04 LANCIO","protected":false},"author":1,"featured_media":0,"parent":0,"menu_order":0,"comment_status":"closed","ping_status":"closed","template":"page-builder.php","meta":{"_acf_changed":false,"footnotes":"","_links_to":"","_links_to_target":""},"class_list":["post-1866","page","type-page","status-publish","hentry"],"acf":[],"yoast_head":"<!-- This site is optimized with the Yoast SEO plugin v27.4 - https:\/\/yoast.com\/product\/yoast-seo-wordpress\/ -->\n<title>CHI SIAMO - Pentagram Tech<\/title>\n<meta name=\"robots\" content=\"index, follow, max-snippet:-1, max-image-preview:large, max-video-preview:-1\" \/>\n<link rel=\"canonical\" href=\"https:\/\/pentagramm-tech.it\/ru\/chi-siamo\/\" \/>\n<meta property=\"og:locale\" content=\"ru_RU\" \/>\n<meta property=\"og:type\" content=\"article\" \/>\n<meta property=\"og:title\" content=\"CHI SIAMO - Pentagram Tech\" \/>\n<meta property=\"og:url\" content=\"https:\/\/pentagramm-tech.it\/ru\/chi-siamo\/\" \/>\n<meta property=\"og:site_name\" content=\"Pentagram Tech\" \/>\n<meta property=\"article:modified_time\" content=\"2025-03-22T15:03:21+00:00\" \/>\n<meta name=\"twitter:card\" content=\"summary_large_image\" \/>\n<meta name=\"twitter:label1\" content=\"\u041f\u0440\u0438\u043c\u0435\u0440\u043d\u043e\u0435 \u0432\u0440\u0435\u043c\u044f \u0434\u043b\u044f \u0447\u0442\u0435\u043d\u0438\u044f\" \/>\n\t<meta name=\"twitter:data1\" content=\"3 \u043c\u0438\u043d\u0443\u0442\u044b\" \/>\n<script type=\"application\/ld+json\" class=\"yoast-schema-graph\">{\"@context\":\"https:\\\/\\\/schema.org\",\"@graph\":[{\"@type\":\"WebPage\",\"@id\":\"https:\\\/\\\/pentagramm-tech.it\\\/chi-siamo\\\/\",\"url\":\"https:\\\/\\\/pentagramm-tech.it\\\/chi-siamo\\\/\",\"name\":\"CHI SIAMO - Pentagram Tech\",\"isPartOf\":{\"@id\":\"https:\\\/\\\/pentagramm-tech.it\\\/#website\"},\"datePublished\":\"2019-03-03T08:21:13+00:00\",\"dateModified\":\"2025-03-22T15:03:21+00:00\",\"breadcrumb\":{\"@id\":\"https:\\\/\\\/pentagramm-tech.it\\\/chi-siamo\\\/#breadcrumb\"},\"inLanguage\":\"ru-RU\",\"potentialAction\":[{\"@type\":\"ReadAction\",\"target\":[\"https:\\\/\\\/pentagramm-tech.it\\\/chi-siamo\\\/\"]}]},{\"@type\":\"BreadcrumbList\",\"@id\":\"https:\\\/\\\/pentagramm-tech.it\\\/chi-siamo\\\/#breadcrumb\",\"itemListElement\":[{\"@type\":\"ListItem\",\"position\":1,\"name\":\"Home\",\"item\":\"https:\\\/\\\/pentagramm-tech.it\\\/\"},{\"@type\":\"ListItem\",\"position\":2,\"name\":\"CHI SIAMO\"}]},{\"@type\":\"WebSite\",\"@id\":\"https:\\\/\\\/pentagramm-tech.it\\\/#website\",\"url\":\"https:\\\/\\\/pentagramm-tech.it\\\/\",\"name\":\"Pentagram Tech\",\"description\":\"\",\"potentialAction\":[{\"@type\":\"SearchAction\",\"target\":{\"@type\":\"EntryPoint\",\"urlTemplate\":\"https:\\\/\\\/pentagramm-tech.it\\\/?s={search_term_string}\"},\"query-input\":{\"@type\":\"PropertyValueSpecification\",\"valueRequired\":true,\"valueName\":\"search_term_string\"}}],\"inLanguage\":\"ru-RU\"}]}<\/script>\n<!-- \/ Yoast SEO plugin. -->","yoast_head_json":{"title":"CHI SIAMO - Pentagram Tech","robots":{"index":"index","follow":"follow","max-snippet":"max-snippet:-1","max-image-preview":"max-image-preview:large","max-video-preview":"max-video-preview:-1"},"canonical":"https:\/\/pentagramm-tech.it\/ru\/chi-siamo\/","og_locale":"ru_RU","og_type":"article","og_title":"CHI SIAMO - Pentagram Tech","og_url":"https:\/\/pentagramm-tech.it\/ru\/chi-siamo\/","og_site_name":"Pentagram Tech","article_modified_time":"2025-03-22T15:03:21+00:00","twitter_card":"summary_large_image","twitter_misc":{"\u041f\u0440\u0438\u043c\u0435\u0440\u043d\u043e\u0435 \u0432\u0440\u0435\u043c\u044f \u0434\u043b\u044f \u0447\u0442\u0435\u043d\u0438\u044f":"3 \u043c\u0438\u043d\u0443\u0442\u044b"},"schema":{"@context":"https:\/\/schema.org","@graph":[{"@type":"WebPage","@id":"https:\/\/pentagramm-tech.it\/chi-siamo\/","url":"https:\/\/pentagramm-tech.it\/chi-siamo\/","name":"CHI SIAMO - Pentagram Tech","isPartOf":{"@id":"https:\/\/pentagramm-tech.it\/#website"},"datePublished":"2019-03-03T08:21:13+00:00","dateModified":"2025-03-22T15:03:21+00:00","breadcrumb":{"@id":"https:\/\/pentagramm-tech.it\/chi-siamo\/#breadcrumb"},"inLanguage":"ru-RU","potentialAction":[{"@type":"ReadAction","target":["https:\/\/pentagramm-tech.it\/chi-siamo\/"]}]},{"@type":"BreadcrumbList","@id":"https:\/\/pentagramm-tech.it\/chi-siamo\/#breadcrumb","itemListElement":[{"@type":"ListItem","position":1,"name":"Home","item":"https:\/\/pentagramm-tech.it\/"},{"@type":"ListItem","position":2,"name":"CHI SIAMO"}]},{"@type":"WebSite","@id":"https:\/\/pentagramm-tech.it\/#website","url":"https:\/\/pentagramm-tech.it\/","name":"Pentagram Tech","description":"","potentialAction":[{"@type":"SearchAction","target":{"@type":"EntryPoint","urlTemplate":"https:\/\/pentagramm-tech.it\/?s={search_term_string}"},"query-input":{"@type":"PropertyValueSpecification","valueRequired":true,"valueName":"search_term_string"}}],"inLanguage":"ru-RU"}]}},"_links":{"self":[{"href":"https:\/\/pentagramm-tech.it\/ru\/wp-json\/wp\/v2\/pages\/1866","targetHints":{"allow":["GET"]}}],"collection":[{"href":"https:\/\/pentagramm-tech.it\/ru\/wp-json\/wp\/v2\/pages"}],"about":[{"href":"https:\/\/pentagramm-tech.it\/ru\/wp-json\/wp\/v2\/types\/page"}],"author":[{"embeddable":true,"href":"https:\/\/pentagramm-tech.it\/ru\/wp-json\/wp\/v2\/users\/1"}],"replies":[{"embeddable":true,"href":"https:\/\/pentagramm-tech.it\/ru\/wp-json\/wp\/v2\/comments?post=1866"}],"version-history":[{"count":7,"href":"https:\/\/pentagramm-tech.it\/ru\/wp-json\/wp\/v2\/pages\/1866\/revisions"}],"predecessor-version":[{"id":2412,"href":"https:\/\/pentagramm-tech.it\/ru\/wp-json\/wp\/v2\/pages\/1866\/revisions\/2412"}],"wp:attachment":[{"href":"https:\/\/pentagramm-tech.it\/ru\/wp-json\/wp\/v2\/media?parent=1866"}],"curies":[{"name":"wp","href":"https:\/\/api.w.org\/{rel}","templated":true}]}}