{"id":1866,"date":"2019-03-03T08:21:13","date_gmt":"2019-03-03T08:21:13","guid":{"rendered":"http:\/\/brabus.local\/home-copy\/"},"modified":"2025-03-22T15:03:21","modified_gmt":"2025-03-22T15:03:21","slug":"chi-siamo","status":"publish","type":"page","link":"https:\/\/pentagramm-tech.it\/es\/chi-siamo\/","title":{"rendered":"QUI\u00c9NES SOMOS"},"content":{"rendered":"<div class=\"wpb-content-wrapper\"><section class=\"content-section\" ><div class=\"container\"><div class=\"vc_row wpb_row vc_row-fluid\"><div class=\"wpb_column vc_column_container vc_col-sm-12\"><div class=\"vc_column-inner\"><div class=\"wpb_wrapper\">\n            <div class=\"section-title  wow fadeIn\" >\n                            <h6>Descubre qui\u00e9nes somos<\/h6>\n            \n                            <h2 data-text=\"Tech\">Innovaci\u00f3n digital a medida<br \/>\u00a1para tu negocio!<\/h2>\n                        <\/div>\n            <div class=\"vc_row wpb_row vc_inner vc_row-fluid\"><div class=\"wpb_column vc_column_container vc_col-sm-12 vc_col-md-5\"><div class=\"vc_column-inner\"><div class=\"wpb_wrapper\">            <div class=\"text-box wow fadeIn\" >\n                <h4>Siempre buscamos nuevas soluciones para mejorar nuestros productos y servicios. Garantizamos calidad y seguridad en cada proyecto.<\/h4>\n<h4>Nos encanta lo que hacemos y nos comprometemos a obtener los mejores resultados. Trabajamos estrechamente con los clientes para convertir sus ideas en realidad.<\/h4>\n\n                            <\/div>\n            <\/div><\/div><\/div><div class=\"wpb_column vc_column_container vc_col-sm-12 vc_col-md-7\"><div class=\"vc_column-inner\"><div class=\"wpb_wrapper\">            <div class=\"text-box wow fadeIn\" data-wow-delay=\"0.01s\">\n                <p>Somos una empresa especializada en desarrollo de software, web y m\u00f3vil, con sede en Italia. Creamos soluciones tecnol\u00f3gicas avanzadas y personalizadas para empresas de todos los sectores, ayud\u00e1ndolas a innovar y crecer en la era digital.<\/p>\n<p>Nos comprometemos a proporcionar software, sitios web y aplicaciones m\u00f3viles que mejoren la eficiencia, la productividad y la competitividad de las empresas. Nuestra misi\u00f3n es transformar las ideas en realidades digitales, garantizando calidad, fiabilidad e innovaci\u00f3n en cada proyecto.<\/p>\n\n                            <\/div>\n            <\/div><\/div><\/div><\/div><\/div><\/div><\/div><\/div><\/div><\/section><section class=\"content-section noise\" style=\"background-color: #000000;\"><div class=\"container\"><div class=\"vc_row wpb_row vc_row-fluid\"><div class=\"wpb_column vc_column_container vc_col-sm-12\"><div class=\"vc_column-inner\"><div class=\"wpb_wrapper\">\n            <div class=\"section-title  light  wow fadeIn\" >\n                            <h6>Descubre cu\u00e1les son nuestros objetivos<\/h6>\n            \n                            <h2 >Descubre qui\u00e9nes somos y c\u00f3mo<br \/>\n\u00a1podemos ayudarte!<\/h2>\n                        <\/div>\n            <div class=\"vc_row wpb_row vc_inner vc_row-fluid\"><div class=\"wpb_column vc_column_container vc_col-sm-6 vc_col-md-4\"><div class=\"vc_column-inner\"><div class=\"wpb_wrapper\">            <div class=\"service-box  light  wow fadeIn\" >\n                <div class=\"left\">\n                    <small>01<\/small><span><\/span>\n                <\/div>\n                <!-- end left -->\n                <div class=\"right\">\n                    <h3>Misi\u00f3n<\/h3>\n<p>Creamos soluciones innovadoras y a medida en software, web y m\u00f3vil, ayudando a las empresas a crecer, digitalizarse y optimizar sus procesos con tecnolog\u00edas avanzadas, fiables y escalables.<\/p>\n                <\/div>\n                <!-- end right -->\n            <\/div>\n            <\/div><\/div><\/div><div class=\"wpb_column vc_column_container vc_col-sm-6 vc_col-md-4\"><div class=\"vc_column-inner\"><div class=\"wpb_wrapper\">            <div class=\"service-box  light  wow fadeIn\" data-wow-delay=\"0.05s\">\n                <div class=\"left\">\n                    <small>02<\/small><span><\/span>\n                <\/div>\n                <!-- end left -->\n                <div class=\"right\">\n                    <h3>Visi\u00f3n<\/h3>\n<p>Ser un referente en el sector del desarrollo digital, ofreciendo productos tecnol\u00f3gicos de vanguardia que mejoren la eficiencia y la competitividad de las empresas.<\/p>\n                <\/div>\n                <!-- end right -->\n            <\/div>\n            <\/div><\/div><\/div><div class=\"wpb_column vc_column_container vc_col-sm-6 vc_col-md-4\"><div class=\"vc_column-inner\"><div class=\"wpb_wrapper\">            <div class=\"service-box  light  wow fadeIn\" data-wow-delay=\"0.10s\">\n                <div class=\"left\">\n                    <small>03<\/small><span><\/span>\n                <\/div>\n                <!-- end left -->\n                <div class=\"right\">\n                    <h3>Estrategia<\/h3>\n<p>Nos centramos en la innovaci\u00f3n, la calidad y la colaboraci\u00f3n. Analizamos las necesidades de los clientes, utilizamos las tecnolog\u00edas m\u00e1s avanzadas y adoptamos un enfoque \u00e1gil para garantizar soluciones r\u00e1pidas y efectivas.<\/p>\n                <\/div>\n                <!-- end right -->\n            <\/div>\n            <\/div><\/div><\/div><\/div><\/div><\/div><\/div><\/div><\/div><\/section><section class=\"content-section text-center\" ><div class=\"container\"><div class=\"vc_row wpb_row vc_row-fluid\"><div class=\"wpb_column vc_column_container vc_col-sm-12\"><div class=\"vc_column-inner\"><div class=\"wpb_wrapper\">\n            <div class=\"section-title  wow fadeIn\" >\n                            <h6>DESCUBRE EL PROCESO DE TRABAJO.<\/h6>\n            \n                            <h2 data-text=\"Passaggi\">Proceso<\/h2>\n                        <\/div>\n            <div class=\"vc_row wpb_row vc_inner vc_row-fluid\"><div class=\"wpb_column vc_column_container vc_col-sm-3 vc_col-xs-6\"><div class=\"vc_column-inner\"><div class=\"wpb_wrapper\">            <div class=\"process-box wow fadeIn\" data-wow-delay=\"0s\">\n                                    <span>01<\/span>\n                                                    <figure>\n                        <img decoding=\"async\" src=\"https:\/\/pentagramm-tech.it\/wp-content\/uploads\/2025\/03\/consulting.png\" alt=\"CONSULENZA\">\n\n                                                    <figcaption>\n                                <h5>Consultor\u00eda<\/h5>\n                            <\/figcaption>\n                                            <\/figure>\n                            <\/div>\n            <\/div><\/div><\/div><div class=\"wpb_column vc_column_container vc_col-sm-3 vc_col-xs-6\"><div class=\"vc_column-inner\"><div class=\"wpb_wrapper\">            <div class=\"process-box wow fadeIn\" data-wow-delay=\"0.05s\">\n                                    <span>02<\/span>\n                                                    <figure>\n                        <img decoding=\"async\" src=\"https:\/\/pentagramm-tech.it\/wp-content\/uploads\/2025\/03\/email.png\" alt=\"OFFERTA\">\n\n                                                    <figcaption>\n                                <h5>Oferta<\/h5>\n                            <\/figcaption>\n                                            <\/figure>\n                            <\/div>\n            <\/div><\/div><\/div><div class=\"wpb_column vc_column_container vc_col-sm-3 vc_col-xs-6\"><div class=\"vc_column-inner\"><div class=\"wpb_wrapper\">            <div class=\"process-box wow fadeIn\" data-wow-delay=\"0.1s\">\n                                    <span>03<\/span>\n                                                    <figure>\n                        <img decoding=\"async\" src=\"https:\/\/pentagramm-tech.it\/wp-content\/uploads\/2025\/03\/settings.png\" alt=\"PROCESSO DI LAVORO\">\n\n                                                    <figcaption>\n                                <h5>Proceso de trabajo<\/h5>\n                            <\/figcaption>\n                                            <\/figure>\n                            <\/div>\n            <\/div><\/div><\/div><div class=\"wpb_column vc_column_container vc_col-sm-3 vc_col-xs-6\"><div class=\"vc_column-inner\"><div class=\"wpb_wrapper\">            <div class=\"process-box wow fadeIn\" data-wow-delay=\"0.15s\">\n                                    <span>04<\/span>\n                                                    <figure>\n                        <img decoding=\"async\" src=\"https:\/\/pentagramm-tech.it\/wp-content\/uploads\/2025\/03\/rocket.png\" alt=\"LANCIO\">\n\n                                                    <figcaption>\n                                <h5>Lanzamiento<\/h5>\n                            <\/figcaption>\n                                            <\/figure>\n                            <\/div>\n            <\/div><\/div><\/div><\/div><\/div><\/div><\/div><\/div><\/div><\/section>\n<\/div>","protected":false},"excerpt":{"rendered":"SCOPRI CHI SIAMO Innovazione digitale su misuraper il tuo business! Cerchiamo sempre nuove soluzioni per migliorare i nostri prodotti e servizi. Garantiamo qualit\u00e0 e sicurezza in ogni progetto. Amiamo ci\u00f2 che facciamo e ci impegniamo per ottenere i migliori risultati. Lavoriamo a stretto contatto con i clienti per trasformare le loro idee in realt\u00e0. Siamo un\u2019azienda specializzata nello sviluppo software, web e mobile, con sede in Italia. Creiamo soluzioni tecnologiche avanzate e personalizzate per aziende di ogni settore, aiutandole a innovare e crescere nell\u2019era digitale. Ci impegniamo a fornire software, siti web e applicazioni mobili che migliorano l\u2019efficienza, la produttivit\u00e0 e la competitivit\u00e0 delle aziende. La nostra missione \u00e8 trasformare le idee in realt\u00e0 digitali, garantendo qualit\u00e0, affidabilit\u00e0 e innovazione in ogni progetto. SCOPRI QUALI SONO I NOSTRI OBIETTIVI. Scopri chi siamo e come possiamo aiutarti! 01 MISSIONE Creiamo soluzioni software, web e mobile innovative e su misura, aiutando le aziende a crescere, digitalizzarsi e ottimizzare i loro processi con tecnologie avanzate, affidabili e scalabili. 02 VISIONE Essere un punto di riferimento nel settore dello sviluppo digitale, offrendo prodotti tecnologici all\u2019avanguardia che migliorano l\u2019efficienza e la competitivit\u00e0 delle imprese. 03 STRATEGIA Puntiamo su innovazione, qualit\u00e0 e collaborazione. Analizziamo le esigenze dei clienti, utilizziamo le tecnologie pi\u00f9 avanzate e adottiamo un approccio agile per garantire soluzioni rapide ed efficaci. SCOPRI IL PROCESSO DI LAVORO. Processo 01 CONSULENZA 02 OFFERTA 03 PROCESSO DI LAVORO 04 LANCIO","protected":false},"author":1,"featured_media":0,"parent":0,"menu_order":0,"comment_status":"closed","ping_status":"closed","template":"page-builder.php","meta":{"_acf_changed":false,"footnotes":"","_links_to":"","_links_to_target":""},"class_list":["post-1866","page","type-page","status-publish","hentry"],"acf":[],"yoast_head":"<!-- This site is optimized with the Yoast SEO plugin v27.4 - https:\/\/yoast.com\/product\/yoast-seo-wordpress\/ -->\n<title>CHI SIAMO - Pentagram Tech<\/title>\n<meta name=\"robots\" content=\"index, follow, max-snippet:-1, max-image-preview:large, max-video-preview:-1\" \/>\n<link rel=\"canonical\" href=\"https:\/\/pentagramm-tech.it\/es\/chi-siamo\/\" \/>\n<meta property=\"og:locale\" content=\"es_ES\" \/>\n<meta property=\"og:type\" content=\"article\" \/>\n<meta property=\"og:title\" content=\"CHI SIAMO - Pentagram Tech\" \/>\n<meta property=\"og:url\" content=\"https:\/\/pentagramm-tech.it\/es\/chi-siamo\/\" \/>\n<meta property=\"og:site_name\" content=\"Pentagram Tech\" \/>\n<meta property=\"article:modified_time\" content=\"2025-03-22T15:03:21+00:00\" \/>\n<meta name=\"twitter:card\" content=\"summary_large_image\" \/>\n<meta name=\"twitter:label1\" content=\"Tiempo de lectura\" \/>\n\t<meta name=\"twitter:data1\" content=\"3 minutos\" \/>\n<script type=\"application\/ld+json\" class=\"yoast-schema-graph\">{\"@context\":\"https:\\\/\\\/schema.org\",\"@graph\":[{\"@type\":\"WebPage\",\"@id\":\"https:\\\/\\\/pentagramm-tech.it\\\/chi-siamo\\\/\",\"url\":\"https:\\\/\\\/pentagramm-tech.it\\\/chi-siamo\\\/\",\"name\":\"CHI SIAMO - Pentagram Tech\",\"isPartOf\":{\"@id\":\"https:\\\/\\\/pentagramm-tech.it\\\/#website\"},\"datePublished\":\"2019-03-03T08:21:13+00:00\",\"dateModified\":\"2025-03-22T15:03:21+00:00\",\"breadcrumb\":{\"@id\":\"https:\\\/\\\/pentagramm-tech.it\\\/chi-siamo\\\/#breadcrumb\"},\"inLanguage\":\"es\",\"potentialAction\":[{\"@type\":\"ReadAction\",\"target\":[\"https:\\\/\\\/pentagramm-tech.it\\\/chi-siamo\\\/\"]}]},{\"@type\":\"BreadcrumbList\",\"@id\":\"https:\\\/\\\/pentagramm-tech.it\\\/chi-siamo\\\/#breadcrumb\",\"itemListElement\":[{\"@type\":\"ListItem\",\"position\":1,\"name\":\"Home\",\"item\":\"https:\\\/\\\/pentagramm-tech.it\\\/\"},{\"@type\":\"ListItem\",\"position\":2,\"name\":\"CHI SIAMO\"}]},{\"@type\":\"WebSite\",\"@id\":\"https:\\\/\\\/pentagramm-tech.it\\\/#website\",\"url\":\"https:\\\/\\\/pentagramm-tech.it\\\/\",\"name\":\"Pentagram Tech\",\"description\":\"\",\"potentialAction\":[{\"@type\":\"SearchAction\",\"target\":{\"@type\":\"EntryPoint\",\"urlTemplate\":\"https:\\\/\\\/pentagramm-tech.it\\\/?s={search_term_string}\"},\"query-input\":{\"@type\":\"PropertyValueSpecification\",\"valueRequired\":true,\"valueName\":\"search_term_string\"}}],\"inLanguage\":\"es\"}]}<\/script>\n<!-- \/ Yoast SEO plugin. -->","yoast_head_json":{"title":"CHI SIAMO - Pentagram Tech","robots":{"index":"index","follow":"follow","max-snippet":"max-snippet:-1","max-image-preview":"max-image-preview:large","max-video-preview":"max-video-preview:-1"},"canonical":"https:\/\/pentagramm-tech.it\/es\/chi-siamo\/","og_locale":"es_ES","og_type":"article","og_title":"CHI SIAMO - Pentagram Tech","og_url":"https:\/\/pentagramm-tech.it\/es\/chi-siamo\/","og_site_name":"Pentagram Tech","article_modified_time":"2025-03-22T15:03:21+00:00","twitter_card":"summary_large_image","twitter_misc":{"Tiempo de lectura":"3 minutos"},"schema":{"@context":"https:\/\/schema.org","@graph":[{"@type":"WebPage","@id":"https:\/\/pentagramm-tech.it\/chi-siamo\/","url":"https:\/\/pentagramm-tech.it\/chi-siamo\/","name":"CHI SIAMO - Pentagram Tech","isPartOf":{"@id":"https:\/\/pentagramm-tech.it\/#website"},"datePublished":"2019-03-03T08:21:13+00:00","dateModified":"2025-03-22T15:03:21+00:00","breadcrumb":{"@id":"https:\/\/pentagramm-tech.it\/chi-siamo\/#breadcrumb"},"inLanguage":"es","potentialAction":[{"@type":"ReadAction","target":["https:\/\/pentagramm-tech.it\/chi-siamo\/"]}]},{"@type":"BreadcrumbList","@id":"https:\/\/pentagramm-tech.it\/chi-siamo\/#breadcrumb","itemListElement":[{"@type":"ListItem","position":1,"name":"Home","item":"https:\/\/pentagramm-tech.it\/"},{"@type":"ListItem","position":2,"name":"CHI SIAMO"}]},{"@type":"WebSite","@id":"https:\/\/pentagramm-tech.it\/#website","url":"https:\/\/pentagramm-tech.it\/","name":"Pentagram Tech","description":"","potentialAction":[{"@type":"SearchAction","target":{"@type":"EntryPoint","urlTemplate":"https:\/\/pentagramm-tech.it\/?s={search_term_string}"},"query-input":{"@type":"PropertyValueSpecification","valueRequired":true,"valueName":"search_term_string"}}],"inLanguage":"es"}]}},"_links":{"self":[{"href":"https:\/\/pentagramm-tech.it\/es\/wp-json\/wp\/v2\/pages\/1866","targetHints":{"allow":["GET"]}}],"collection":[{"href":"https:\/\/pentagramm-tech.it\/es\/wp-json\/wp\/v2\/pages"}],"about":[{"href":"https:\/\/pentagramm-tech.it\/es\/wp-json\/wp\/v2\/types\/page"}],"author":[{"embeddable":true,"href":"https:\/\/pentagramm-tech.it\/es\/wp-json\/wp\/v2\/users\/1"}],"replies":[{"embeddable":true,"href":"https:\/\/pentagramm-tech.it\/es\/wp-json\/wp\/v2\/comments?post=1866"}],"version-history":[{"count":7,"href":"https:\/\/pentagramm-tech.it\/es\/wp-json\/wp\/v2\/pages\/1866\/revisions"}],"predecessor-version":[{"id":2412,"href":"https:\/\/pentagramm-tech.it\/es\/wp-json\/wp\/v2\/pages\/1866\/revisions\/2412"}],"wp:attachment":[{"href":"https:\/\/pentagramm-tech.it\/es\/wp-json\/wp\/v2\/media?parent=1866"}],"curies":[{"name":"wp","href":"https:\/\/api.w.org\/{rel}","templated":true}]}}