{"id":1866,"date":"2019-03-03T08:21:13","date_gmt":"2019-03-03T08:21:13","guid":{"rendered":"http:\/\/brabus.local\/home-copy\/"},"modified":"2025-03-22T15:03:21","modified_gmt":"2025-03-22T15:03:21","slug":"chi-siamo","status":"publish","type":"page","link":"https:\/\/pentagramm-tech.it\/de\/chi-siamo\/","title":{"rendered":"WER WIR SIND"},"content":{"rendered":"<div class=\"wpb-content-wrapper\"><section class=\"content-section\" ><div class=\"container\"><div class=\"vc_row wpb_row vc_row-fluid\"><div class=\"wpb_column vc_column_container vc_col-sm-12\"><div class=\"vc_column-inner\"><div class=\"wpb_wrapper\">\n            <div class=\"section-title  wow fadeIn\" >\n                            <h6>ENTDECKE, WER WIR SIND<\/h6>\n            \n                            <h2 data-text=\"Tech\">Ma\u00dfgeschneiderte digitale Innovation<br \/>f\u00fcr dein Business!<\/h2>\n                        <\/div>\n            <div class=\"vc_row wpb_row vc_inner vc_row-fluid\"><div class=\"wpb_column vc_column_container vc_col-sm-12 vc_col-md-5\"><div class=\"vc_column-inner\"><div class=\"wpb_wrapper\">            <div class=\"text-box wow fadeIn\" >\n                <h4>Wir suchen st\u00e4ndig nach neuen L\u00f6sungen, um unsere Produkte und Dienstleistungen zu verbessern. Wir garantieren Qualit\u00e4t und Sicherheit in jedem Projekt.<\/h4>\n<h4>Wir lieben, was wir tun, und setzen uns daf\u00fcr ein, die besten Ergebnisse zu erzielen. Wir arbeiten eng mit unseren Kunden zusammen, um ihre Ideen in die Realit\u00e4t umzusetzen.<\/h4>\n\n                            <\/div>\n            <\/div><\/div><\/div><div class=\"wpb_column vc_column_container vc_col-sm-12 vc_col-md-7\"><div class=\"vc_column-inner\"><div class=\"wpb_wrapper\">            <div class=\"text-box wow fadeIn\" data-wow-delay=\"0.01s\">\n                <p>Wir sind ein Unternehmen, das sich auf die Entwicklung von Software, Web- und Mobilanwendungen spezialisiert hat und seinen Sitz in Italien hat. Wir erstellen fortschrittliche und ma\u00dfgeschneiderte technologische L\u00f6sungen f\u00fcr Unternehmen aller Branchen und helfen ihnen, in der digitalen \u00c4ra zu innovieren und zu wachsen.<\/p>\n<p>Wir verpflichten uns, Software, Websites und mobile Anwendungen bereitzustellen, die die Effizienz, Produktivit\u00e4t und Wettbewerbsf\u00e4higkeit von Unternehmen verbessern. Unsere Mission ist es, Ideen in digitale Realit\u00e4t umzuwandeln und dabei Qualit\u00e4t, Zuverl\u00e4ssigkeit und Innovation in jedem Projekt zu gew\u00e4hrleisten.<\/p>\n\n                            <\/div>\n            <\/div><\/div><\/div><\/div><\/div><\/div><\/div><\/div><\/div><\/section><section class=\"content-section noise\" style=\"background-color: #000000;\"><div class=\"container\"><div class=\"vc_row wpb_row vc_row-fluid\"><div class=\"wpb_column vc_column_container vc_col-sm-12\"><div class=\"vc_column-inner\"><div class=\"wpb_wrapper\">\n            <div class=\"section-title  light  wow fadeIn\" >\n                            <h6>ENTDECKE UNSERE ZIELE.<\/h6>\n            \n                            <h2 >Entdecke, wer wir sind und wie<br \/>\nwir k\u00f6nnen dir helfen!<\/h2>\n                        <\/div>\n            <div class=\"vc_row wpb_row vc_inner vc_row-fluid\"><div class=\"wpb_column vc_column_container vc_col-sm-6 vc_col-md-4\"><div class=\"vc_column-inner\"><div class=\"wpb_wrapper\">            <div class=\"service-box  light  wow fadeIn\" >\n                <div class=\"left\">\n                    <small>01<\/small><span><\/span>\n                <\/div>\n                <!-- end left -->\n                <div class=\"right\">\n                    <h3>MISSION<\/h3>\n<p>Wir erstellen innovative und ma\u00dfgeschneiderte Software-, Web- und mobile L\u00f6sungen, die Unternehmen dabei helfen, zu wachsen, sich zu digitalisieren und ihre Prozesse mit fortschrittlichen, zuverl\u00e4ssigen und skalierbaren Technologien zu optimieren.<\/p>\n                <\/div>\n                <!-- end right -->\n            <\/div>\n            <\/div><\/div><\/div><div class=\"wpb_column vc_column_container vc_col-sm-6 vc_col-md-4\"><div class=\"vc_column-inner\"><div class=\"wpb_wrapper\">            <div class=\"service-box  light  wow fadeIn\" data-wow-delay=\"0.05s\">\n                <div class=\"left\">\n                    <small>02<\/small><span><\/span>\n                <\/div>\n                <!-- end left -->\n                <div class=\"right\">\n                    <h3>VISION<\/h3>\n<p>Ein Referenzpunkt im Bereich der digitalen Entwicklung zu sein und fortschrittliche technologische Produkte anzubieten, die die Effizienz und Wettbewerbsf\u00e4higkeit von Unternehmen verbessern.<\/p>\n                <\/div>\n                <!-- end right -->\n            <\/div>\n            <\/div><\/div><\/div><div class=\"wpb_column vc_column_container vc_col-sm-6 vc_col-md-4\"><div class=\"vc_column-inner\"><div class=\"wpb_wrapper\">            <div class=\"service-box  light  wow fadeIn\" data-wow-delay=\"0.10s\">\n                <div class=\"left\">\n                    <small>03<\/small><span><\/span>\n                <\/div>\n                <!-- end left -->\n                <div class=\"right\">\n                    <h3>STRATEGIE<\/h3>\n<p>Wir setzen auf Innovation, Qualit\u00e4t und Zusammenarbeit. Wir analysieren die Bed\u00fcrfnisse der Kunden, nutzen die fortschrittlichsten Technologien und verfolgen einen agilen Ansatz, um schnelle und effektive L\u00f6sungen zu gew\u00e4hrleisten.<\/p>\n                <\/div>\n                <!-- end right -->\n            <\/div>\n            <\/div><\/div><\/div><\/div><\/div><\/div><\/div><\/div><\/div><\/section><section class=\"content-section text-center\" ><div class=\"container\"><div class=\"vc_row wpb_row vc_row-fluid\"><div class=\"wpb_column vc_column_container vc_col-sm-12\"><div class=\"vc_column-inner\"><div class=\"wpb_wrapper\">\n            <div class=\"section-title  wow fadeIn\" >\n                            <h6>ENTFESSE DEN ARBEITSPROZESS.<\/h6>\n            \n                            <h2 data-text=\"Passaggi\">PROZESS<\/h2>\n                        <\/div>\n            <div class=\"vc_row wpb_row vc_inner vc_row-fluid\"><div class=\"wpb_column vc_column_container vc_col-sm-3 vc_col-xs-6\"><div class=\"vc_column-inner\"><div class=\"wpb_wrapper\">            <div class=\"process-box wow fadeIn\" data-wow-delay=\"0s\">\n                                    <span>01<\/span>\n                                                    <figure>\n                        <img decoding=\"async\" src=\"https:\/\/pentagramm-tech.it\/wp-content\/uploads\/2025\/03\/consulting.png\" alt=\"CONSULENZA\">\n\n                                                    <figcaption>\n                                <h5>BERATUNG<\/h5>\n                            <\/figcaption>\n                                            <\/figure>\n                            <\/div>\n            <\/div><\/div><\/div><div class=\"wpb_column vc_column_container vc_col-sm-3 vc_col-xs-6\"><div class=\"vc_column-inner\"><div class=\"wpb_wrapper\">            <div class=\"process-box wow fadeIn\" data-wow-delay=\"0.05s\">\n                                    <span>02<\/span>\n                                                    <figure>\n                        <img decoding=\"async\" src=\"https:\/\/pentagramm-tech.it\/wp-content\/uploads\/2025\/03\/email.png\" alt=\"OFFERTA\">\n\n                                                    <figcaption>\n                                <h5>ANGEBOT<\/h5>\n                            <\/figcaption>\n                                            <\/figure>\n                            <\/div>\n            <\/div><\/div><\/div><div class=\"wpb_column vc_column_container vc_col-sm-3 vc_col-xs-6\"><div class=\"vc_column-inner\"><div class=\"wpb_wrapper\">            <div class=\"process-box wow fadeIn\" data-wow-delay=\"0.1s\">\n                                    <span>03<\/span>\n                                                    <figure>\n                        <img decoding=\"async\" src=\"https:\/\/pentagramm-tech.it\/wp-content\/uploads\/2025\/03\/settings.png\" alt=\"PROCESSO DI LAVORO\">\n\n                                                    <figcaption>\n                                <h5>ARBEITSPROZESS<\/h5>\n                            <\/figcaption>\n                                            <\/figure>\n                            <\/div>\n            <\/div><\/div><\/div><div class=\"wpb_column vc_column_container vc_col-sm-3 vc_col-xs-6\"><div class=\"vc_column-inner\"><div class=\"wpb_wrapper\">            <div class=\"process-box wow fadeIn\" data-wow-delay=\"0.15s\">\n                                    <span>04<\/span>\n                                                    <figure>\n                        <img decoding=\"async\" src=\"https:\/\/pentagramm-tech.it\/wp-content\/uploads\/2025\/03\/rocket.png\" alt=\"LANCIO\">\n\n                                                    <figcaption>\n                                <h5>START<\/h5>\n                            <\/figcaption>\n                                            <\/figure>\n                            <\/div>\n            <\/div><\/div><\/div><\/div><\/div><\/div><\/div><\/div><\/div><\/section>\n<\/div>","protected":false},"excerpt":{"rendered":"SCOPRI CHI SIAMO Innovazione digitale su misuraper il tuo business! Cerchiamo sempre nuove soluzioni per migliorare i nostri prodotti e servizi. Garantiamo qualit\u00e0 e sicurezza in ogni progetto. Amiamo ci\u00f2 che facciamo e ci impegniamo per ottenere i migliori risultati. Lavoriamo a stretto contatto con i clienti per trasformare le loro idee in realt\u00e0. Siamo un\u2019azienda specializzata nello sviluppo software, web e mobile, con sede in Italia. Creiamo soluzioni tecnologiche avanzate e personalizzate per aziende di ogni settore, aiutandole a innovare e crescere nell\u2019era digitale. Ci impegniamo a fornire software, siti web e applicazioni mobili che migliorano l\u2019efficienza, la produttivit\u00e0 e la competitivit\u00e0 delle aziende. La nostra missione \u00e8 trasformare le idee in realt\u00e0 digitali, garantendo qualit\u00e0, affidabilit\u00e0 e innovazione in ogni progetto. SCOPRI QUALI SONO I NOSTRI OBIETTIVI. Scopri chi siamo e come possiamo aiutarti! 01 MISSIONE Creiamo soluzioni software, web e mobile innovative e su misura, aiutando le aziende a crescere, digitalizzarsi e ottimizzare i loro processi con tecnologie avanzate, affidabili e scalabili. 02 VISIONE Essere un punto di riferimento nel settore dello sviluppo digitale, offrendo prodotti tecnologici all\u2019avanguardia che migliorano l\u2019efficienza e la competitivit\u00e0 delle imprese. 03 STRATEGIA Puntiamo su innovazione, qualit\u00e0 e collaborazione. Analizziamo le esigenze dei clienti, utilizziamo le tecnologie pi\u00f9 avanzate e adottiamo un approccio agile per garantire soluzioni rapide ed efficaci. SCOPRI IL PROCESSO DI LAVORO. Processo 01 CONSULENZA 02 OFFERTA 03 PROCESSO DI LAVORO 04 LANCIO","protected":false},"author":1,"featured_media":0,"parent":0,"menu_order":0,"comment_status":"closed","ping_status":"closed","template":"page-builder.php","meta":{"_acf_changed":false,"footnotes":"","_links_to":"","_links_to_target":""},"class_list":["post-1866","page","type-page","status-publish","hentry"],"acf":[],"yoast_head":"<!-- This site is optimized with the Yoast SEO plugin v27.4 - https:\/\/yoast.com\/product\/yoast-seo-wordpress\/ -->\n<title>CHI SIAMO - Pentagram Tech<\/title>\n<meta name=\"robots\" content=\"index, follow, max-snippet:-1, max-image-preview:large, max-video-preview:-1\" \/>\n<link rel=\"canonical\" href=\"https:\/\/pentagramm-tech.it\/de\/chi-siamo\/\" \/>\n<meta property=\"og:locale\" content=\"de_DE\" \/>\n<meta property=\"og:type\" content=\"article\" \/>\n<meta property=\"og:title\" content=\"CHI SIAMO - Pentagram Tech\" \/>\n<meta property=\"og:url\" content=\"https:\/\/pentagramm-tech.it\/de\/chi-siamo\/\" \/>\n<meta property=\"og:site_name\" content=\"Pentagram Tech\" \/>\n<meta property=\"article:modified_time\" content=\"2025-03-22T15:03:21+00:00\" \/>\n<meta name=\"twitter:card\" content=\"summary_large_image\" \/>\n<meta name=\"twitter:label1\" content=\"Gesch\u00e4tzte Lesezeit\" \/>\n\t<meta name=\"twitter:data1\" content=\"3\u00a0Minuten\" \/>\n<script type=\"application\/ld+json\" class=\"yoast-schema-graph\">{\"@context\":\"https:\\\/\\\/schema.org\",\"@graph\":[{\"@type\":\"WebPage\",\"@id\":\"https:\\\/\\\/pentagramm-tech.it\\\/chi-siamo\\\/\",\"url\":\"https:\\\/\\\/pentagramm-tech.it\\\/chi-siamo\\\/\",\"name\":\"CHI SIAMO - Pentagram Tech\",\"isPartOf\":{\"@id\":\"https:\\\/\\\/pentagramm-tech.it\\\/#website\"},\"datePublished\":\"2019-03-03T08:21:13+00:00\",\"dateModified\":\"2025-03-22T15:03:21+00:00\",\"breadcrumb\":{\"@id\":\"https:\\\/\\\/pentagramm-tech.it\\\/chi-siamo\\\/#breadcrumb\"},\"inLanguage\":\"de\",\"potentialAction\":[{\"@type\":\"ReadAction\",\"target\":[\"https:\\\/\\\/pentagramm-tech.it\\\/chi-siamo\\\/\"]}]},{\"@type\":\"BreadcrumbList\",\"@id\":\"https:\\\/\\\/pentagramm-tech.it\\\/chi-siamo\\\/#breadcrumb\",\"itemListElement\":[{\"@type\":\"ListItem\",\"position\":1,\"name\":\"Home\",\"item\":\"https:\\\/\\\/pentagramm-tech.it\\\/\"},{\"@type\":\"ListItem\",\"position\":2,\"name\":\"CHI SIAMO\"}]},{\"@type\":\"WebSite\",\"@id\":\"https:\\\/\\\/pentagramm-tech.it\\\/#website\",\"url\":\"https:\\\/\\\/pentagramm-tech.it\\\/\",\"name\":\"Pentagram Tech\",\"description\":\"\",\"potentialAction\":[{\"@type\":\"SearchAction\",\"target\":{\"@type\":\"EntryPoint\",\"urlTemplate\":\"https:\\\/\\\/pentagramm-tech.it\\\/?s={search_term_string}\"},\"query-input\":{\"@type\":\"PropertyValueSpecification\",\"valueRequired\":true,\"valueName\":\"search_term_string\"}}],\"inLanguage\":\"de\"}]}<\/script>\n<!-- \/ Yoast SEO plugin. -->","yoast_head_json":{"title":"CHI SIAMO - Pentagram Tech","robots":{"index":"index","follow":"follow","max-snippet":"max-snippet:-1","max-image-preview":"max-image-preview:large","max-video-preview":"max-video-preview:-1"},"canonical":"https:\/\/pentagramm-tech.it\/de\/chi-siamo\/","og_locale":"de_DE","og_type":"article","og_title":"CHI SIAMO - Pentagram Tech","og_url":"https:\/\/pentagramm-tech.it\/de\/chi-siamo\/","og_site_name":"Pentagram Tech","article_modified_time":"2025-03-22T15:03:21+00:00","twitter_card":"summary_large_image","twitter_misc":{"Gesch\u00e4tzte Lesezeit":"3\u00a0Minuten"},"schema":{"@context":"https:\/\/schema.org","@graph":[{"@type":"WebPage","@id":"https:\/\/pentagramm-tech.it\/chi-siamo\/","url":"https:\/\/pentagramm-tech.it\/chi-siamo\/","name":"CHI SIAMO - Pentagram Tech","isPartOf":{"@id":"https:\/\/pentagramm-tech.it\/#website"},"datePublished":"2019-03-03T08:21:13+00:00","dateModified":"2025-03-22T15:03:21+00:00","breadcrumb":{"@id":"https:\/\/pentagramm-tech.it\/chi-siamo\/#breadcrumb"},"inLanguage":"de","potentialAction":[{"@type":"ReadAction","target":["https:\/\/pentagramm-tech.it\/chi-siamo\/"]}]},{"@type":"BreadcrumbList","@id":"https:\/\/pentagramm-tech.it\/chi-siamo\/#breadcrumb","itemListElement":[{"@type":"ListItem","position":1,"name":"Home","item":"https:\/\/pentagramm-tech.it\/"},{"@type":"ListItem","position":2,"name":"CHI SIAMO"}]},{"@type":"WebSite","@id":"https:\/\/pentagramm-tech.it\/#website","url":"https:\/\/pentagramm-tech.it\/","name":"Pentagram Tech","description":"","potentialAction":[{"@type":"SearchAction","target":{"@type":"EntryPoint","urlTemplate":"https:\/\/pentagramm-tech.it\/?s={search_term_string}"},"query-input":{"@type":"PropertyValueSpecification","valueRequired":true,"valueName":"search_term_string"}}],"inLanguage":"de"}]}},"_links":{"self":[{"href":"https:\/\/pentagramm-tech.it\/de\/wp-json\/wp\/v2\/pages\/1866","targetHints":{"allow":["GET"]}}],"collection":[{"href":"https:\/\/pentagramm-tech.it\/de\/wp-json\/wp\/v2\/pages"}],"about":[{"href":"https:\/\/pentagramm-tech.it\/de\/wp-json\/wp\/v2\/types\/page"}],"author":[{"embeddable":true,"href":"https:\/\/pentagramm-tech.it\/de\/wp-json\/wp\/v2\/users\/1"}],"replies":[{"embeddable":true,"href":"https:\/\/pentagramm-tech.it\/de\/wp-json\/wp\/v2\/comments?post=1866"}],"version-history":[{"count":7,"href":"https:\/\/pentagramm-tech.it\/de\/wp-json\/wp\/v2\/pages\/1866\/revisions"}],"predecessor-version":[{"id":2412,"href":"https:\/\/pentagramm-tech.it\/de\/wp-json\/wp\/v2\/pages\/1866\/revisions\/2412"}],"wp:attachment":[{"href":"https:\/\/pentagramm-tech.it\/de\/wp-json\/wp\/v2\/media?parent=1866"}],"curies":[{"name":"wp","href":"https:\/\/api.w.org\/{rel}","templated":true}]}}